{"id":798,"date":"2026-03-27T18:30:31","date_gmt":"2026-03-27T18:30:31","guid":{"rendered":"https:\/\/sgphotos.gallery\/?post_type=product&#038;p=798"},"modified":"2026-04-15T13:23:07","modified_gmt":"2026-04-15T13:23:07","slug":"cape-renga","status":"publish","type":"product","link":"https:\/\/sgphotos.gallery\/?product=cape-renga","title":{"rendered":"Cape Reinga"},"content":{"rendered":"<p>One of my favourite places in the world, Cape Reinga, officially named Cape Reinga \/ Te Rerenga Wairua, is the northwesternmost tip of the Aup\u00f5uri Peninsula, at the northern end of the North Island of New Zealand. Serene and beautiful, you can spend hours here staring at the tidal waves collide.<\/p>\n<p>In M\u0101ori, Te Rerenga Wairua means the leaping-off place of spirits. Reinga is the M\u0101ori word for the underworld. Both refer to the M\u0101ori belief that the cape is the point where the spirits of the dead enter the underworld.<\/p>\n<p>Cape Reinga is generally considered the separation marker between the Tasman Sea to the west and the Pacific Ocean to the east. From the lighthouse, it is possible to watch the tidal race, as the two seas clash to create unsettled waters just off the coast. M\u0101ori refer to this as the meeting of Te Moana-a-Rehua, &#8216;the sea of Rehua&#8217;, with Te Tai-o-Whitirea, &#8216;the sea of Whitirea&#8217;, Rehua and Whitirea mean male and female, respectively.<\/p>\n","protected":false},"excerpt":{"rendered":"<p>Pricing is for specified print size only. Framing and custom sizes can be done at additional cost. Please write to us at hello@sgpgotos.gallery or via the contact us form and we can discuss your sizing requirements. Thank you&#8221;<\/p>\n","protected":false},"featured_media":2025,"template":"","meta":[],"product_brand":[],"product_cat":[20],"product_tag":[],"class_list":{"0":"post-798","1":"product","2":"type-product","3":"status-publish","4":"has-post-thumbnail","6":"product_cat-nature","8":"first","9":"instock","10":"sale","11":"shipping-taxable","12":"purchasable","13":"product-type-variable"},"_links":{"self":[{"href":"https:\/\/sgphotos.gallery\/index.php?rest_route=\/wp\/v2\/product\/798","targetHints":{"allow":["GET"]}}],"collection":[{"href":"https:\/\/sgphotos.gallery\/index.php?rest_route=\/wp\/v2\/product"}],"about":[{"href":"https:\/\/sgphotos.gallery\/index.php?rest_route=\/wp\/v2\/types\/product"}],"wp:featuredmedia":[{"embeddable":true,"href":"https:\/\/sgphotos.gallery\/index.php?rest_route=\/wp\/v2\/media\/2025"}],"wp:attachment":[{"href":"https:\/\/sgphotos.gallery\/index.php?rest_route=%2Fwp%2Fv2%2Fmedia&parent=798"}],"wp:term":[{"taxonomy":"product_brand","embeddable":true,"href":"https:\/\/sgphotos.gallery\/index.php?rest_route=%2Fwp%2Fv2%2Fproduct_brand&post=798"},{"taxonomy":"product_cat","embeddable":true,"href":"https:\/\/sgphotos.gallery\/index.php?rest_route=%2Fwp%2Fv2%2Fproduct_cat&post=798"},{"taxonomy":"product_tag","embeddable":true,"href":"https:\/\/sgphotos.gallery\/index.php?rest_route=%2Fwp%2Fv2%2Fproduct_tag&post=798"}],"curies":[{"name":"wp","href":"https:\/\/api.w.org\/{rel}","templated":true}]}}